{"id":23895,"date":"2018-02-14T18:32:14","date_gmt":"2018-02-14T18:32:14","guid":{"rendered":"http:\/\/www.canels.com.mx\/?post_type=product&#038;p=23895"},"modified":"2019-08-14T18:00:09","modified_gmt":"2019-08-14T18:00:09","slug":"celofan-4p-frutal","status":"publish","type":"product","link":"https:\/\/canels.com.mx\/en\/productos\/celofan-4p-frutal\/","title":{"rendered":"Celof\u00e1n 4P Frutal"},"content":{"rendered":"<p><\/p>\n<table class=\"fortuna_table\" width=\"100%\">\n<tbody>\n<tr>\n<td style=\"text-align: right;\">Producto:<\/td>\n<td>Goma de mascar confitada<\/td>\n<\/tr>\n<tr class=\"odd\">\n<td style=\"text-align: right;\">Sabores:<\/td>\n<td>Manzana verde, uva, pl\u00e1tano y cereza<\/td>\n<\/tr>\n<tr>\n<td style=\"text-align: right;\">Presentaci\u00f3n:<\/td>\n<td>Display 300g<\/td>\n<\/tr>\n<tr class=\"odd\">\n<td style=\"text-align: right;\">Cart\u00f3n:<\/td>\n<td>40\/60<\/td>\n<\/tr>\n<\/tbody>\n<\/table>\n<p>&nbsp;<\/p>","protected":false},"excerpt":{"rendered":"<p>Producto: Goma de mascar confitada Sabores: Manzana verde, uva, pl\u00e1tano y cereza Presentaci\u00f3n: Display 300g Cart\u00f3n: 40\/60 &nbsp;<\/p>\n","protected":false},"featured_media":24225,"comment_status":"closed","ping_status":"closed","template":"","meta":[],"product_cat":[114],"product_tag":[132,130],"_links":{"self":[{"href":"https:\/\/canels.com.mx\/en\/wp-json\/wp\/v2\/product\/23895"}],"collection":[{"href":"https:\/\/canels.com.mx\/en\/wp-json\/wp\/v2\/product"}],"about":[{"href":"https:\/\/canels.com.mx\/en\/wp-json\/wp\/v2\/types\/product"}],"replies":[{"embeddable":true,"href":"https:\/\/canels.com.mx\/en\/wp-json\/wp\/v2\/comments?post=23895"}],"wp:featuredmedia":[{"embeddable":true,"href":"https:\/\/canels.com.mx\/en\/wp-json\/wp\/v2\/media\/24225"}],"wp:attachment":[{"href":"https:\/\/canels.com.mx\/en\/wp-json\/wp\/v2\/media?parent=23895"}],"wp:term":[{"taxonomy":"product_cat","embeddable":true,"href":"https:\/\/canels.com.mx\/en\/wp-json\/wp\/v2\/product_cat?post=23895"},{"taxonomy":"product_tag","embeddable":true,"href":"https:\/\/canels.com.mx\/en\/wp-json\/wp\/v2\/product_tag?post=23895"}],"curies":[{"name":"wp","href":"https:\/\/api.w.org\/{rel}","templated":true}]}}