{"id":23998,"date":"2018-02-14T19:07:57","date_gmt":"2018-02-14T19:07:57","guid":{"rendered":"http:\/\/www.canels.com.mx\/?post_type=product&#038;p=23998"},"modified":"2023-11-02T11:49:24","modified_gmt":"2023-11-02T17:49:24","slug":"tubo-surtido","status":"publish","type":"product","link":"https:\/\/canels.com.mx\/en\/productos\/tubo-surtido\/","title":{"rendered":"Tubo Surtido"},"content":{"rendered":"<p><\/p>\n<table class=\"fortuna_table\" width=\"100%\">\n<tbody>\n<tr>\n<td style=\"text-align: right;\">Producto:<\/td>\n<td>Pastilla Refrescante<\/td>\n<\/tr>\n<tr class=\"odd\">\n<td style=\"text-align: right;\">Sabores:<\/td>\n<td>Menta, yerbabuena, cereza, miel-lim\u00f3n<\/td>\n<\/tr>\n<tr>\n<td style=\"text-align: right;\">Presentaci\u00f3n:<\/td>\n<td>Display 684g<\/td>\n<\/tr>\n<tr class=\"odd\">\n<td style=\"text-align: right;\">Cart\u00f3n:<\/td>\n<td>30\/20<\/td>\n<\/tr>\n<tr>\n<td style=\"text-align: right;\"><\/td>\n<td><\/td>\n<\/tr>\n<\/tbody>\n<\/table>\n<p><a href=\"https:\/\/canels.com.mx\/wp-content\/uploads\/2018\/02\/Refreshing-Cough-Tablets-Display.jpeg\"><img loading=\"lazy\" class=\"alignnone wp-image-30770 \" src=\"https:\/\/canels.com.mx\/wp-content\/uploads\/2018\/02\/Refreshing-Cough-Tablets-Display.jpeg\" alt=\"\" width=\"414\" height=\"387\" srcset=\"https:\/\/canels.com.mx\/wp-content\/uploads\/2018\/02\/Refreshing-Cough-Tablets-Display.jpeg 787w, https:\/\/canels.com.mx\/wp-content\/uploads\/2018\/02\/Refreshing-Cough-Tablets-Display-300x280.jpeg 300w, https:\/\/canels.com.mx\/wp-content\/uploads\/2018\/02\/Refreshing-Cough-Tablets-Display-768x717.jpeg 768w, https:\/\/canels.com.mx\/wp-content\/uploads\/2018\/02\/Refreshing-Cough-Tablets-Display-500x467.jpeg 500w, https:\/\/canels.com.mx\/wp-content\/uploads\/2018\/02\/Refreshing-Cough-Tablets-Display-700x654.jpeg 700w\" sizes=\"(max-width: 414px) 100vw, 414px\" \/><\/a><\/p>\n<table class=\"fortuna_table\" width=\"100%\">\n<tbody>\n<tr>\n<td style=\"text-align: right;\">Producto:<\/td>\n<td>Pastilla Refrescante<\/td>\n<\/tr>\n<tr class=\"odd\">\n<td style=\"text-align: right;\">Sabores:<\/td>\n<td>Menta, yerbabuena, cereza, miel-lim\u00f3n<\/td>\n<\/tr>\n<tr>\n<td style=\"text-align: right;\">Presentaci\u00f3n:<\/td>\n<td>Display 684g<\/td>\n<\/tr>\n<tr class=\"odd\">\n<td style=\"text-align: right;\">Cart\u00f3n:<\/td>\n<td>30\/20<\/td>\n<\/tr>\n<tr>\n<td style=\"text-align: right;\"><\/td>\n<td><\/td>\n<\/tr>\n<\/tbody>\n<\/table>\n<p><a href=\"https:\/\/canels.com.mx\/wp-content\/uploads\/2018\/02\/Refreshing-Cough-Tablets-Display.jpeg\"><img loading=\"lazy\" class=\"alignnone wp-image-30770 \" src=\"https:\/\/canels.com.mx\/wp-content\/uploads\/2018\/02\/Refreshing-Cough-Tablets-Display.jpeg\" alt=\"\" width=\"414\" height=\"387\" srcset=\"https:\/\/canels.com.mx\/wp-content\/uploads\/2018\/02\/Refreshing-Cough-Tablets-Display.jpeg 787w, https:\/\/canels.com.mx\/wp-content\/uploads\/2018\/02\/Refreshing-Cough-Tablets-Display-300x280.jpeg 300w, https:\/\/canels.com.mx\/wp-content\/uploads\/2018\/02\/Refreshing-Cough-Tablets-Display-768x717.jpeg 768w, https:\/\/canels.com.mx\/wp-content\/uploads\/2018\/02\/Refreshing-Cough-Tablets-Display-500x467.jpeg 500w, https:\/\/canels.com.mx\/wp-content\/uploads\/2018\/02\/Refreshing-Cough-Tablets-Display-700x654.jpeg 700w\" sizes=\"(max-width: 414px) 100vw, 414px\" \/><\/a><\/p>\n<table class=\"fortuna_table\" width=\"100%\">\n<tbody>\n<tr>\n<td style=\"text-align: right;\">Producto:<\/td>\n<td>Pastilla Refrescante<\/td>\n<\/tr>\n<tr class=\"odd\">\n<td style=\"text-align: right;\">Sabores:<\/td>\n<td>Menta, yerbabuena, cereza, miel-lim\u00f3n<\/td>\n<\/tr>\n<tr>\n<td style=\"text-align: right;\">Presentaci\u00f3n:<\/td>\n<td>Display 684g<\/td>\n<\/tr>\n<tr class=\"odd\">\n<td style=\"text-align: right;\">Cart\u00f3n:<\/td>\n<td>30\/20<\/td>\n<\/tr>\n<tr>\n<td style=\"text-align: right;\"><\/td>\n<td><\/td>\n<\/tr>\n<\/tbody>\n<\/table>\n<p><a href=\"https:\/\/canels.com.mx\/wp-content\/uploads\/2018\/02\/Refreshing-Cough-Tablets-Display.jpeg\"><img loading=\"lazy\" class=\"alignnone wp-image-30770 \" src=\"https:\/\/canels.com.mx\/wp-content\/uploads\/2018\/02\/Refreshing-Cough-Tablets-Display.jpeg\" alt=\"\" width=\"414\" height=\"387\" srcset=\"https:\/\/canels.com.mx\/wp-content\/uploads\/2018\/02\/Refreshing-Cough-Tablets-Display.jpeg 787w, https:\/\/canels.com.mx\/wp-content\/uploads\/2018\/02\/Refreshing-Cough-Tablets-Display-300x280.jpeg 300w, https:\/\/canels.com.mx\/wp-content\/uploads\/2018\/02\/Refreshing-Cough-Tablets-Display-768x717.jpeg 768w, https:\/\/canels.com.mx\/wp-content\/uploads\/2018\/02\/Refreshing-Cough-Tablets-Display-500x467.jpeg 500w, https:\/\/canels.com.mx\/wp-content\/uploads\/2018\/02\/Refreshing-Cough-Tablets-Display-700x654.jpeg 700w\" sizes=\"(max-width: 414px) 100vw, 414px\" \/><\/a><\/p>\n<table class=\"fortuna_table\" width=\"100%\">\n<tbody>\n<tr>\n<td style=\"text-align: right;\">Producto:<\/td>\n<td>Pastilla Refrescante<\/td>\n<\/tr>\n<tr class=\"odd\">\n<td style=\"text-align: right;\">Sabores:<\/td>\n<td>Menta, yerbabuena, cereza, miel-lim\u00f3n<\/td>\n<\/tr>\n<tr>\n<td style=\"text-align: right;\">Presentaci\u00f3n:<\/td>\n<td>Display 465g<\/td>\n<\/tr>\n<tr class=\"odd\">\n<td style=\"text-align: right;\">Cart\u00f3n:<\/td>\n<td>30\/20<\/td>\n<\/tr>\n<tr>\n<td style=\"text-align: right;\"><\/td>\n<td><\/td>\n<\/tr>\n<\/tbody>\n<\/table>\n<p><a href=\"https:\/\/canels.com.mx\/wp-content\/uploads\/2018\/02\/Refreshing-Cough-Tablets-Display.jpeg\"><img loading=\"lazy\" class=\"alignnone wp-image-30770 \" src=\"https:\/\/canels.com.mx\/wp-content\/uploads\/2018\/02\/Refreshing-Cough-Tablets-Display.jpeg\" alt=\"\" width=\"414\" height=\"387\" srcset=\"https:\/\/canels.com.mx\/wp-content\/uploads\/2018\/02\/Refreshing-Cough-Tablets-Display.jpeg 787w, https:\/\/canels.com.mx\/wp-content\/uploads\/2018\/02\/Refreshing-Cough-Tablets-Display-300x280.jpeg 300w, https:\/\/canels.com.mx\/wp-content\/uploads\/2018\/02\/Refreshing-Cough-Tablets-Display-768x717.jpeg 768w, https:\/\/canels.com.mx\/wp-content\/uploads\/2018\/02\/Refreshing-Cough-Tablets-Display-500x467.jpeg 500w, https:\/\/canels.com.mx\/wp-content\/uploads\/2018\/02\/Refreshing-Cough-Tablets-Display-700x654.jpeg 700w\" sizes=\"(max-width: 414px) 100vw, 414px\" \/><\/a><\/p>\n<div id=\"simple-translate\" class=\"simple-translate-system-theme\">\n<div>\n<div class=\"simple-translate-button isShow\" style=\"background-image: url('moz-extension:\/\/db37945e-dee1-4a50-bf51-d1df0f4fc8af\/icons\/512.png'); height: 22px; width: 22px; top: 1369px; left: 392px;\"><\/div>\n<div class=\"simple-translate-panel \" style=\"width: 300px; height: 200px; top: 0px; left: 0px; font-size: 13px;\">\n<div class=\"simple-translate-result-wrapper\" style=\"overflow: hidden;\">\n<div class=\"simple-translate-move\" draggable=\"true\"><\/div>\n<div class=\"simple-translate-result-contents\">\n<p class=\"simple-translate-candidate\" dir=\"auto\">\n<\/div>\n<\/div>\n<\/div>\n<\/div>\n<\/div>\n<p><\/p>","protected":false},"excerpt":{"rendered":"<p>Producto: Pastilla Refrescante Sabores: Menta, yerbabuena, cereza, miel-lim\u00f3n Presentaci\u00f3n: Display 684g Cart\u00f3n: 30\/20 Producto: Pastilla Refrescante Sabores: Menta, yerbabuena, cereza, miel-lim\u00f3n Presentaci\u00f3n: Display 684g Cart\u00f3n: 30\/20 Producto: Pastilla Refrescante Sabores: Menta, yerbabuena, cereza, miel-lim\u00f3n Presentaci\u00f3n: Display 684g Cart\u00f3n: 30\/20 Producto: Pastilla Refrescante Sabores: Menta, yerbabuena, cereza, miel-lim\u00f3n Presentaci\u00f3n: Display 465g Cart\u00f3n: 30\/20<\/p>\n","protected":false},"featured_media":24361,"comment_status":"closed","ping_status":"closed","template":"","meta":[],"product_cat":[125],"product_tag":[132,130],"_links":{"self":[{"href":"https:\/\/canels.com.mx\/en\/wp-json\/wp\/v2\/product\/23998"}],"collection":[{"href":"https:\/\/canels.com.mx\/en\/wp-json\/wp\/v2\/product"}],"about":[{"href":"https:\/\/canels.com.mx\/en\/wp-json\/wp\/v2\/types\/product"}],"replies":[{"embeddable":true,"href":"https:\/\/canels.com.mx\/en\/wp-json\/wp\/v2\/comments?post=23998"}],"wp:featuredmedia":[{"embeddable":true,"href":"https:\/\/canels.com.mx\/en\/wp-json\/wp\/v2\/media\/24361"}],"wp:attachment":[{"href":"https:\/\/canels.com.mx\/en\/wp-json\/wp\/v2\/media?parent=23998"}],"wp:term":[{"taxonomy":"product_cat","embeddable":true,"href":"https:\/\/canels.com.mx\/en\/wp-json\/wp\/v2\/product_cat?post=23998"},{"taxonomy":"product_tag","embeddable":true,"href":"https:\/\/canels.com.mx\/en\/wp-json\/wp\/v2\/product_tag?post=23998"}],"curies":[{"name":"wp","href":"https:\/\/api.w.org\/{rel}","templated":true}]}}