{"id":24036,"date":"2018-02-14T20:30:26","date_gmt":"2018-02-14T20:30:26","guid":{"rendered":"http:\/\/www.canels.com.mx\/?post_type=product&#038;p=24036"},"modified":"2021-07-23T18:31:06","modified_gmt":"2021-07-23T18:31:06","slug":"cherry-sorurs","status":"publish","type":"product","link":"https:\/\/canels.com.mx\/en\/productos\/cherry-sorurs\/","title":{"rendered":"Cherry Sorurs"},"content":{"rendered":"<p><\/p>\n<table class=\"fortuna_table\" width=\"100%\">\n<tbody>\n<tr>\n<td style=\"text-align: right;\">Producto:<\/td>\n<td>Gomita Confitada<\/td>\n<\/tr>\n<tr class=\"odd\">\n<td style=\"text-align: right;\">Sabores:<\/td>\n<td>Cereza, fresa, naranja, lim\u00f3n, an\u00eds, lima, uva y pi\u00f1a<\/td>\n<\/tr>\n<tr>\n<td style=\"text-align: right;\">Presentaci\u00f3n:<\/td>\n<td>Jarra 1,500g<\/td>\n<\/tr>\n<tr class=\"odd\">\n<td style=\"text-align: right;\">Cart\u00f3n:<\/td>\n<td>8\/1.5kg<\/td>\n<\/tr>\n<\/tbody>\n<\/table>\n<p><\/p>","protected":false},"excerpt":{"rendered":"<p>Producto: Gomita Confitada Sabores: Cereza, fresa, naranja, lim\u00f3n, an\u00eds, lima, uva y pi\u00f1a Presentaci\u00f3n: Jarra 1,500g Cart\u00f3n: 8\/1.5kg<\/p>\n","protected":false},"featured_media":27612,"comment_status":"closed","ping_status":"closed","template":"","meta":[],"product_cat":[117],"product_tag":[131],"_links":{"self":[{"href":"https:\/\/canels.com.mx\/en\/wp-json\/wp\/v2\/product\/24036"}],"collection":[{"href":"https:\/\/canels.com.mx\/en\/wp-json\/wp\/v2\/product"}],"about":[{"href":"https:\/\/canels.com.mx\/en\/wp-json\/wp\/v2\/types\/product"}],"replies":[{"embeddable":true,"href":"https:\/\/canels.com.mx\/en\/wp-json\/wp\/v2\/comments?post=24036"}],"wp:featuredmedia":[{"embeddable":true,"href":"https:\/\/canels.com.mx\/en\/wp-json\/wp\/v2\/media\/27612"}],"wp:attachment":[{"href":"https:\/\/canels.com.mx\/en\/wp-json\/wp\/v2\/media?parent=24036"}],"wp:term":[{"taxonomy":"product_cat","embeddable":true,"href":"https:\/\/canels.com.mx\/en\/wp-json\/wp\/v2\/product_cat?post=24036"},{"taxonomy":"product_tag","embeddable":true,"href":"https:\/\/canels.com.mx\/en\/wp-json\/wp\/v2\/product_tag?post=24036"}],"curies":[{"name":"wp","href":"https:\/\/api.w.org\/{rel}","templated":true}]}}