{"id":26031,"date":"2019-11-04T19:46:37","date_gmt":"2019-11-04T19:46:37","guid":{"rendered":"http:\/\/canels.com.mx\/?post_type=product&#038;p=26031"},"modified":"2021-07-16T15:48:38","modified_gmt":"2021-07-16T15:48:38","slug":"chicloso-vaquita-cafe","status":"publish","type":"product","link":"https:\/\/canels.com.mx\/en\/productos\/chicloso-vaquita-cafe\/","title":{"rendered":"Chiclosos Vaquita Caf\u00e9"},"content":{"rendered":"<p><\/p>\n<table class=\"fortuna_table\" width=\"100%\">\n<tbody>\n<tr>\n<td style=\"text-align: right;\">Producto:<\/td>\n<td>Caramelo suave de leche<\/td>\n<\/tr>\n<tr class=\"odd\">\n<td style=\"text-align: right;\">Sabores:<\/td>\n<td>Caf\u00e9<\/td>\n<\/tr>\n<tr>\n<td style=\"text-align: right;\">Presentaci\u00f3n:<\/td>\n<td>Bolsa 400g<\/td>\n<\/tr>\n<tr class=\"odd\">\n<td style=\"text-align: right;\">Cart\u00f3n:<\/td>\n<td><\/td>\n<\/tr>\n<\/tbody>\n<\/table>\n<p><\/p>","protected":false},"excerpt":{"rendered":"<p>Producto: Caramelo suave de leche Sabores: Caf\u00e9 Presentaci\u00f3n: Bolsa 400g Cart\u00f3n:<\/p>\n","protected":false},"featured_media":26066,"comment_status":"closed","ping_status":"closed","template":"","meta":[],"product_cat":[124],"product_tag":[133],"_links":{"self":[{"href":"https:\/\/canels.com.mx\/en\/wp-json\/wp\/v2\/product\/26031"}],"collection":[{"href":"https:\/\/canels.com.mx\/en\/wp-json\/wp\/v2\/product"}],"about":[{"href":"https:\/\/canels.com.mx\/en\/wp-json\/wp\/v2\/types\/product"}],"replies":[{"embeddable":true,"href":"https:\/\/canels.com.mx\/en\/wp-json\/wp\/v2\/comments?post=26031"}],"wp:featuredmedia":[{"embeddable":true,"href":"https:\/\/canels.com.mx\/en\/wp-json\/wp\/v2\/media\/26066"}],"wp:attachment":[{"href":"https:\/\/canels.com.mx\/en\/wp-json\/wp\/v2\/media?parent=26031"}],"wp:term":[{"taxonomy":"product_cat","embeddable":true,"href":"https:\/\/canels.com.mx\/en\/wp-json\/wp\/v2\/product_cat?post=26031"},{"taxonomy":"product_tag","embeddable":true,"href":"https:\/\/canels.com.mx\/en\/wp-json\/wp\/v2\/product_tag?post=26031"}],"curies":[{"name":"wp","href":"https:\/\/api.w.org\/{rel}","templated":true}]}}