{"id":26042,"date":"2019-11-05T18:20:11","date_gmt":"2019-11-05T18:20:11","guid":{"rendered":"http:\/\/canels.com.mx\/?post_type=product&#038;p=26042"},"modified":"2022-01-10T12:49:21","modified_gmt":"2022-01-10T18:49:21","slug":"paletas-macizas-tueni-tira","status":"publish","type":"product","link":"https:\/\/canels.com.mx\/en\/productos\/paletas-macizas-tueni-tira\/","title":{"rendered":"Paletas Macizas Tueni Tira"},"content":{"rendered":"<table class=\"fortuna_table\" width=\"100%\">\n<tbody>\n<tr>\n<td style=\"text-align: right;\">Producto:<\/td>\n<td>Paleta de caramelo macizo<\/td>\n<\/tr>\n<tr class=\"odd\">\n<td style=\"text-align: right;\">Sabores:<\/td>\n<td>Cereza, Uva, Fresa y Manzana Verde<\/td>\n<\/tr>\n<tr>\n<td style=\"text-align: right;\">Presentaci\u00f3n:<\/td>\n<td>Tira 130g<\/td>\n<\/tr>\n<tr class=\"odd\">\n<td style=\"text-align: right;\">Cart\u00f3n:<\/td>\n<td><\/td>\n<\/tr>\n<tr>\n<td style=\"text-align: right;\">Declaraci\u00f3n:<\/td>\n<td>Contains Bioengineered Food Ingredients<\/td>\n<\/tr>\n<\/tbody>\n<\/table>\n","protected":false},"excerpt":{"rendered":"<p>Producto: Paleta de caramelo macizo Sabores: Cereza, Uva, Fresa y Manzana Verde Presentaci\u00f3n: Tira 130g Cart\u00f3n: Declaraci\u00f3n: Contains Bioengineered Food Ingredients<\/p>\n","protected":false},"featured_media":26035,"comment_status":"closed","ping_status":"closed","template":"","meta":[],"product_cat":[123,135,126],"product_tag":[133,130],"_links":{"self":[{"href":"https:\/\/canels.com.mx\/en\/wp-json\/wp\/v2\/product\/26042"}],"collection":[{"href":"https:\/\/canels.com.mx\/en\/wp-json\/wp\/v2\/product"}],"about":[{"href":"https:\/\/canels.com.mx\/en\/wp-json\/wp\/v2\/types\/product"}],"replies":[{"embeddable":true,"href":"https:\/\/canels.com.mx\/en\/wp-json\/wp\/v2\/comments?post=26042"}],"wp:featuredmedia":[{"embeddable":true,"href":"https:\/\/canels.com.mx\/en\/wp-json\/wp\/v2\/media\/26035"}],"wp:attachment":[{"href":"https:\/\/canels.com.mx\/en\/wp-json\/wp\/v2\/media?parent=26042"}],"wp:term":[{"taxonomy":"product_cat","embeddable":true,"href":"https:\/\/canels.com.mx\/en\/wp-json\/wp\/v2\/product_cat?post=26042"},{"taxonomy":"product_tag","embeddable":true,"href":"https:\/\/canels.com.mx\/en\/wp-json\/wp\/v2\/product_tag?post=26042"}],"curies":[{"name":"wp","href":"https:\/\/api.w.org\/{rel}","templated":true}]}}